{"id":1627,"date":"2025-10-07T15:52:01","date_gmt":"2025-10-07T15:52:01","guid":{"rendered":"https:\/\/baccarr.com\/?page_id=1627"},"modified":"2025-10-14T09:57:18","modified_gmt":"2025-10-14T09:57:18","slug":"nos-taxi","status":"publish","type":"page","link":"https:\/\/baccarr.com\/index.php\/nos-taxi\/","title":{"rendered":"Nos taxi"},"content":{"rendered":"\t\t<div data-elementor-type=\"wp-page\" data-elementor-id=\"1627\" class=\"elementor elementor-1627\" data-elementor-post-type=\"page\">\n\t\t\t\t<div class=\"elementor-element elementor-element-d05f131 e-flex e-con-boxed e-con e-parent\" data-id=\"d05f131\" data-element_type=\"container\" data-settings=\"{&quot;background_background&quot;:&quot;classic&quot;}\">\n\t\t\t\t\t<div class=\"e-con-inner\">\n\t\t\t\t\t<\/div>\n\t\t\t\t<\/div>\n\t\t<div class=\"elementor-element elementor-element-792f41a slide1 e-flex e-con-boxed e-con e-parent\" data-id=\"792f41a\" data-element_type=\"container\">\n\t\t\t\t\t<div class=\"e-con-inner\">\n\t\t<div class=\"elementor-element elementor-element-987d654 e-con-full e-flex e-con e-child\" data-id=\"987d654\" data-element_type=\"container\" data-settings=\"{&quot;background_background&quot;:&quot;classic&quot;}\">\n\t\t\t\t<\/div>\n\t\t<div class=\"elementor-element elementor-element-59bc317 e-con-full e-flex e-con e-child\" data-id=\"59bc317\" data-element_type=\"container\">\n\t\t\t\t<div class=\"elementor-element elementor-element-15485a5 elementor-widget elementor-widget-heading\" data-id=\"15485a5\" data-element_type=\"widget\" data-settings=\"{&quot;ekit_we_effect_on&quot;:&quot;none&quot;}\" data-widget_type=\"heading.default\">\n\t\t\t\t\t<h2 class=\"elementor-heading-title elementor-size-default\">Mercedes-Benz Classe V<\/h2>\t\t\t\t<\/div>\n\t\t\t\t<div class=\"elementor-element elementor-element-d206889 elementor-widget elementor-widget-heading\" data-id=\"d206889\" data-element_type=\"widget\" data-settings=\"{&quot;ekit_we_effect_on&quot;:&quot;none&quot;}\" data-widget_type=\"heading.default\">\n\t\t\t\t\t<h2 class=\"elementor-heading-title elementor-size-default\">Cat\u00e9gorie : Van de luxe \/ Transport VIP\nCapacit\u00e9 : 7 places (chauffeur inclus)\nClimatisation : Oui \u2013 bi-zone automatique\nConfort : Si\u00e8ges en cuir, r\u00e9glables et inclinables, espace g\u00e9n\u00e9reux pour les jambes\n\u00c9quipements :\nPortes lat\u00e9rales coulissantes \u00e9lectriques\nSyst\u00e8me multim\u00e9dia avec \u00e9cran tactile\nWi-Fi et ports USB \u00e0 bord\n\u00c9clairage d\u2019ambiance LED\nVitres teint\u00e9es pour plus de confidentialit\u00e9\nCoffre spacieux pour les bagages\nSuspension confort pour trajets longue distance\nId\u00e9al pour :\nTransferts a\u00e9roport\nVoyages d\u2019affaires\n\u00c9v\u00e9nements et mariages\nGroupes ou familles souhaitant un transport haut de gamme<\/h2>\t\t\t\t<\/div>\n\t\t\t\t<\/div>\n\t\t\t\t\t<\/div>\n\t\t\t\t<\/div>\n\t\t<div class=\"elementor-element elementor-element-1859f59 e-flex e-con-boxed e-con e-parent\" data-id=\"1859f59\" data-element_type=\"container\" id=\"slide2\">\n\t\t\t\t\t<div class=\"e-con-inner\">\n\t\t<div class=\"elementor-element elementor-element-cdbe843 e-con-full e-flex e-con e-child\" data-id=\"cdbe843\" data-element_type=\"container\">\n\t\t\t\t<div class=\"elementor-element elementor-element-dbaa5b2 elementor-widget elementor-widget-heading\" data-id=\"dbaa5b2\" data-element_type=\"widget\" data-settings=\"{&quot;ekit_we_effect_on&quot;:&quot;none&quot;}\" data-widget_type=\"heading.default\">\n\t\t\t\t\t<h2 class=\"elementor-heading-title elementor-size-default\">Mercedes-Benz Classe S \u2013 Berline de luxe<\/h2>\t\t\t\t<\/div>\n\t\t\t\t<div class=\"elementor-element elementor-element-516d460 elementor-widget elementor-widget-heading\" data-id=\"516d460\" data-element_type=\"widget\" data-settings=\"{&quot;ekit_we_effect_on&quot;:&quot;none&quot;}\" data-widget_type=\"heading.default\">\n\t\t\t\t\t<h2 class=\"elementor-heading-title elementor-size-default\">Cat\u00e9gorie : Berline premium \/ Service VIP\nCapacit\u00e9 : 3 passagers + chauffeur\nClimatisation : Automatique multi-zone\nConfort :\nSi\u00e8ges en cuir massants et chauffants\nRepose-pieds et espace g\u00e9n\u00e9reux \u00e0 l\u2019arri\u00e8re\nSuspension intelligente pour un confort optimal\nIsolation phonique haut de gamme\n\u00c9quipements :\nWi-Fi et ports USB\nSyst\u00e8me audio haut de gamme\n\u00c9clairage d\u2019ambiance personnalisable\nR\u00e9hausseur et si\u00e8ge b\u00e9b\u00e9 disponibles sur demande\nClimatisation individuelle pour chaque passager\nId\u00e9al pour :\nTransferts a\u00e9roport\nD\u00e9placements professionnels\n\u00c9v\u00e9nements, mariages et soir\u00e9es prestigieuses<\/h2>\t\t\t\t<\/div>\n\t\t\t\t<\/div>\n\t\t<div class=\"elementor-element elementor-element-4498b32 e-con-full e-flex e-con e-child\" data-id=\"4498b32\" data-element_type=\"container\" data-settings=\"{&quot;background_background&quot;:&quot;classic&quot;}\">\n\t\t\t\t<\/div>\n\t\t\t\t\t<\/div>\n\t\t\t\t<\/div>\n\t\t<div class=\"elementor-element elementor-element-40e53be e-flex e-con-boxed e-con e-parent\" data-id=\"40e53be\" data-element_type=\"container\" id=\"slide3\">\n\t\t\t\t\t<div class=\"e-con-inner\">\n\t\t<div class=\"elementor-element elementor-element-0290f8f e-con-full e-flex e-con e-child\" data-id=\"0290f8f\" data-element_type=\"container\" data-settings=\"{&quot;background_background&quot;:&quot;classic&quot;}\">\n\t\t\t\t<\/div>\n\t\t<div class=\"elementor-element elementor-element-e7dc834 e-con-full e-flex e-con e-child\" data-id=\"e7dc834\" data-element_type=\"container\">\n\t\t\t\t<div class=\"elementor-element elementor-element-42f9cd4 elementor-widget elementor-widget-heading\" data-id=\"42f9cd4\" data-element_type=\"widget\" data-settings=\"{&quot;ekit_we_effect_on&quot;:&quot;none&quot;}\" data-widget_type=\"heading.default\">\n\t\t\t\t\t<h2 class=\"elementor-heading-title elementor-size-default\">Mercedes Sprinter destin\u00e9 au transport de bagages volumineux.<\/h2>\t\t\t\t<\/div>\n\t\t\t\t<div class=\"elementor-element elementor-element-c98078f elementor-widget elementor-widget-heading\" data-id=\"c98078f\" data-element_type=\"widget\" data-settings=\"{&quot;ekit_we_effect_on&quot;:&quot;none&quot;}\" data-widget_type=\"heading.default\">\n\t\t\t\t\t<h2 class=\"elementor-heading-title elementor-size-default\">Id\u00e9al pour les voyageurs avec de grands bagages, des \u00e9quipements encombrants ou des besoins de transport sp\u00e9cifiques. Ce v\u00e9hicule spacieux assure un confort optimal et une s\u00e9curit\u00e9 maximale pour vos effets personnels.\nCaract\u00e9ristiques :\nCapacit\u00e9 : jusqu\u2019\u00e0 8 passagers + bagages volumineux\nEspace de chargement : grand coffre arri\u00e8re modulable\nClimatisation int\u00e9grale\nSi\u00e8ges confortables et espace optimis\u00e9\nV\u00e9hicule haut de gamme (Mercedes ou \u00e9quivalent)\nChauffeur professionnel et ponctuel\nId\u00e9al pour transferts a\u00e9roport, \u00e9v\u00e9nements, groupes ou familles\nOptions suppl\u00e9mentaires :\nService de prise en charge \u00e0 domicile\nAssistance bagages\nR\u00e9servation anticip\u00e9e possible<\/h2>\t\t\t\t<\/div>\n\t\t\t\t<\/div>\n\t\t\t\t\t<\/div>\n\t\t\t\t<\/div>\n\t\t<div class=\"elementor-element elementor-element-9c70b0c e-flex e-con-boxed e-con e-parent\" data-id=\"9c70b0c\" data-element_type=\"container\" id=\"slide4\">\n\t\t\t\t\t<div class=\"e-con-inner\">\n\t\t<div class=\"elementor-element elementor-element-81b433e e-con-full e-flex e-con e-child\" data-id=\"81b433e\" data-element_type=\"container\">\n\t\t\t\t<div class=\"elementor-element elementor-element-abc4037 elementor-widget elementor-widget-heading\" data-id=\"abc4037\" data-element_type=\"widget\" data-settings=\"{&quot;ekit_we_effect_on&quot;:&quot;none&quot;}\" data-widget_type=\"heading.default\">\n\t\t\t\t\t<h2 class=\"elementor-heading-title elementor-size-default\">Mercedes-Benz CLA Coup\u00e9\n<\/h2>\t\t\t\t<\/div>\n\t\t\t\t<div class=\"elementor-element elementor-element-7643618 elementor-widget elementor-widget-heading\" data-id=\"7643618\" data-element_type=\"widget\" data-settings=\"{&quot;ekit_we_effect_on&quot;:&quot;none&quot;}\" data-widget_type=\"heading.default\">\n\t\t\t\t\t<h2 class=\"elementor-heading-title elementor-size-default\">\u00c9l\u00e9gant, sportif et raffin\u00e9, le Mercedes-Benz CLA Coup\u00e9 allie performance et design. Sa silhouette a\u00e9rodynamique et son int\u00e9rieur haut de gamme offrent une exp\u00e9rience de conduite \u00e0 la fois dynamique et confortable. Id\u00e9al pour les transferts VIP, les d\u00e9placements professionnels ou les occasions sp\u00e9ciales.\nCaract\u00e9ristiques :\nPlaces : 4 passagers\nCoffre : Capacit\u00e9 moyenne \u2013 id\u00e9ale pour 2 grandes valises\nInt\u00e9rieur : Si\u00e8ges en cuir, finition premium, \u00e9clairage d\u2019ambiance\nConfort : Climatisation bi-zone, silence optimal, conduite fluide\nTechnologie : \u00c9cran tactile MBUX, GPS int\u00e9gr\u00e9, connectivit\u00e9 smartphone\nS\u00e9curit\u00e9 : Aides \u00e0 la conduite, freinage d\u2019urgence, capteurs de stationnement\nId\u00e9al pour :\nTransferts VIP ou professionnels\nSorties romantiques et \u00e9v\u00e9nements sp\u00e9ciaux\nClients recherchant \u00e9l\u00e9gance et confort<\/h2>\t\t\t\t<\/div>\n\t\t\t\t<\/div>\n\t\t<div class=\"elementor-element elementor-element-641d5ef e-con-full e-flex e-con e-child\" data-id=\"641d5ef\" data-element_type=\"container\" data-settings=\"{&quot;background_background&quot;:&quot;classic&quot;}\">\n\t\t\t\t<\/div>\n\t\t\t\t\t<\/div>\n\t\t\t\t<\/div>\n\t\t<div class=\"elementor-element elementor-element-87f54dc e-flex e-con-boxed e-con e-parent\" data-id=\"87f54dc\" data-element_type=\"container\" id=\"slide5\">\n\t\t\t\t\t<div class=\"e-con-inner\">\n\t\t<div class=\"elementor-element elementor-element-55acfff e-con-full e-flex e-con e-child\" data-id=\"55acfff\" data-element_type=\"container\" data-settings=\"{&quot;background_background&quot;:&quot;classic&quot;}\">\n\t\t\t\t<\/div>\n\t\t<div class=\"elementor-element elementor-element-0cbbc7b e-con-full e-flex e-con e-child\" data-id=\"0cbbc7b\" data-element_type=\"container\">\n\t\t\t\t<div class=\"elementor-element elementor-element-f7cd135 elementor-widget elementor-widget-heading\" data-id=\"f7cd135\" data-element_type=\"widget\" data-settings=\"{&quot;ekit_we_effect_on&quot;:&quot;none&quot;}\" data-widget_type=\"heading.default\">\n\t\t\t\t\t<h2 class=\"elementor-heading-title elementor-size-default\">Mercedes-Benz Classe A Berline\n<\/h2>\t\t\t\t<\/div>\n\t\t\t\t<div class=\"elementor-element elementor-element-beb6fac elementor-widget elementor-widget-heading\" data-id=\"beb6fac\" data-element_type=\"widget\" data-settings=\"{&quot;ekit_we_effect_on&quot;:&quot;none&quot;}\" data-widget_type=\"heading.default\">\n\t\t\t\t\t<h2 class=\"elementor-heading-title elementor-size-default\">\u00c9l\u00e9gante, sportive et moderne, la Mercedes-Benz Classe A Berline allie technologie avanc\u00e9e et confort raffin\u00e9. Sa silhouette dynamique et son habitacle sophistiqu\u00e9 offrent une exp\u00e9rience de conduite agr\u00e9able et s\u00e9curis\u00e9e. Id\u00e9ale pour les d\u00e9placements professionnels, les trajets quotidiens ou les occasions sp\u00e9ciales.\nCaract\u00e9ristiques :\nMotorisation : Essence, diesel ou hybride rechargeable, transmission automatique\nPlaces : 5 passagers\nCoffre : Capacit\u00e9 moyenne \u2013 pratique pour 2 \u00e0 3 grandes valises\nInt\u00e9rieur : Si\u00e8ges en cuir, finition premium, \u00e9clairage d\u2019ambiance\nConfort : Climatisation bi-zone, suspension confortable, conduite silencieuse\nTechnologie : Syst\u00e8me MBUX avec \u00e9cran tactile, GPS int\u00e9gr\u00e9, connectivit\u00e9 smartphone\nS\u00e9curit\u00e9 : Aides \u00e0 la conduite, freinage d\u2019urgence, capteurs de stationnement\nId\u00e9al pour :\nD\u00e9placements professionnels et transferts VIP\nTrajets quotidiens confortables\nClients recherchant \u00e9l\u00e9gance, technologie et s\u00e9curit\u00e9<\/h2>\t\t\t\t<\/div>\n\t\t\t\t<\/div>\n\t\t\t\t\t<\/div>\n\t\t\t\t<\/div>\n\t\t\t\t<\/div>\n\t\t\n    <div class=\"xs_social_share_widget xs_share_url after_content \t\tmain_content  wslu-style-1 wslu-share-box-shaped wslu-fill-colored wslu-none wslu-share-horizontal wslu-theme-font-no wslu-main_content\">\n\n\t\t\n        <ul>\n\t\t\t        <\/ul>\n    <\/div> \n","protected":false},"excerpt":{"rendered":"<p>Mercedes-Benz Classe V Cat\u00e9gorie : Van de luxe \/ Transport VIP Capacit\u00e9 : 7 places (chauffeur inclus) Climatisation : Oui \u2013 bi-zone automatique Confort : Si\u00e8ges en cuir, r\u00e9glables et inclinables, espace g\u00e9n\u00e9reux pour les jambes \u00c9quipements : Portes lat\u00e9rales coulissantes \u00e9lectriques Syst\u00e8me multim\u00e9dia avec \u00e9cran tactile Wi-Fi et ports USB \u00e0 bord \u00c9clairage d\u2019ambiance [&hellip;]<\/p>\n","protected":false},"author":1,"featured_media":0,"parent":0,"menu_order":0,"comment_status":"closed","ping_status":"closed","template":"elementor_header_footer","meta":{"_surecart_dashboard_logo_width":"180px","_surecart_dashboard_show_logo":true,"_surecart_dashboard_navigation_orders":true,"_surecart_dashboard_navigation_invoices":true,"_surecart_dashboard_navigation_subscriptions":true,"_surecart_dashboard_navigation_downloads":true,"_surecart_dashboard_navigation_billing":true,"_surecart_dashboard_navigation_account":true,"postBodyCss":"","postBodyMargin":[],"postBodyPadding":[],"postBodyBackground":{"backgroundType":"classic","gradient":""},"footnotes":""},"class_list":["post-1627","page","type-page","status-publish","hentry"],"yoast_head":"<!-- This site is optimized with the Yoast SEO plugin v26.1 - https:\/\/yoast.com\/wordpress\/plugins\/seo\/ -->\n<title>Nos taxi - Baccar<\/title>\n<meta name=\"robots\" content=\"index, follow, max-snippet:-1, max-image-preview:large, max-video-preview:-1\" \/>\n<link rel=\"canonical\" href=\"https:\/\/baccarr.com\/index.php\/nos-taxi\/\" \/>\n<meta property=\"og:locale\" content=\"fr_FR\" \/>\n<meta property=\"og:type\" content=\"article\" \/>\n<meta property=\"og:title\" content=\"Nos taxi - Baccar\" \/>\n<meta property=\"og:description\" content=\"Mercedes-Benz Classe V Cat\u00e9gorie : Van de luxe \/ Transport VIP Capacit\u00e9 : 7 places (chauffeur inclus) Climatisation : Oui \u2013 bi-zone automatique Confort : Si\u00e8ges en cuir, r\u00e9glables et inclinables, espace g\u00e9n\u00e9reux pour les jambes \u00c9quipements : Portes lat\u00e9rales coulissantes \u00e9lectriques Syst\u00e8me multim\u00e9dia avec \u00e9cran tactile Wi-Fi et ports USB \u00e0 bord \u00c9clairage d\u2019ambiance [&hellip;]\" \/>\n<meta property=\"og:url\" content=\"https:\/\/baccarr.com\/index.php\/nos-taxi\/\" \/>\n<meta property=\"og:site_name\" content=\"Baccar\" \/>\n<meta property=\"article:modified_time\" content=\"2025-10-14T09:57:18+00:00\" \/>\n<meta name=\"twitter:card\" content=\"summary_large_image\" \/>\n<meta name=\"twitter:label1\" content=\"Dur\u00e9e de lecture estim\u00e9e\" \/>\n\t<meta name=\"twitter:data1\" content=\"2 minutes\" \/>\n<script type=\"application\/ld+json\" class=\"yoast-schema-graph\">{\"@context\":\"https:\/\/schema.org\",\"@graph\":[{\"@type\":\"WebPage\",\"@id\":\"https:\/\/baccarr.com\/index.php\/nos-taxi\/\",\"url\":\"https:\/\/baccarr.com\/index.php\/nos-taxi\/\",\"name\":\"Nos taxi - Baccar\",\"isPartOf\":{\"@id\":\"https:\/\/baccarr.com\/#website\"},\"datePublished\":\"2025-10-07T15:52:01+00:00\",\"dateModified\":\"2025-10-14T09:57:18+00:00\",\"breadcrumb\":{\"@id\":\"https:\/\/baccarr.com\/index.php\/nos-taxi\/#breadcrumb\"},\"inLanguage\":\"fr-FR\",\"potentialAction\":[{\"@type\":\"ReadAction\",\"target\":[\"https:\/\/baccarr.com\/index.php\/nos-taxi\/\"]}]},{\"@type\":\"BreadcrumbList\",\"@id\":\"https:\/\/baccarr.com\/index.php\/nos-taxi\/#breadcrumb\",\"itemListElement\":[{\"@type\":\"ListItem\",\"position\":1,\"name\":\"Home\",\"item\":\"https:\/\/baccarr.com\/\"},{\"@type\":\"ListItem\",\"position\":2,\"name\":\"Nos taxi\"}]},{\"@type\":\"WebSite\",\"@id\":\"https:\/\/baccarr.com\/#website\",\"url\":\"https:\/\/baccarr.com\/\",\"name\":\"Baccar\",\"description\":\"\",\"potentialAction\":[{\"@type\":\"SearchAction\",\"target\":{\"@type\":\"EntryPoint\",\"urlTemplate\":\"https:\/\/baccarr.com\/?s={search_term_string}\"},\"query-input\":{\"@type\":\"PropertyValueSpecification\",\"valueRequired\":true,\"valueName\":\"search_term_string\"}}],\"inLanguage\":\"fr-FR\"}]}<\/script>\n<!-- \/ Yoast SEO plugin. -->","yoast_head_json":{"title":"Nos taxi - Baccar","robots":{"index":"index","follow":"follow","max-snippet":"max-snippet:-1","max-image-preview":"max-image-preview:large","max-video-preview":"max-video-preview:-1"},"canonical":"https:\/\/baccarr.com\/index.php\/nos-taxi\/","og_locale":"fr_FR","og_type":"article","og_title":"Nos taxi - Baccar","og_description":"Mercedes-Benz Classe V Cat\u00e9gorie : Van de luxe \/ Transport VIP Capacit\u00e9 : 7 places (chauffeur inclus) Climatisation : Oui \u2013 bi-zone automatique Confort : Si\u00e8ges en cuir, r\u00e9glables et inclinables, espace g\u00e9n\u00e9reux pour les jambes \u00c9quipements : Portes lat\u00e9rales coulissantes \u00e9lectriques Syst\u00e8me multim\u00e9dia avec \u00e9cran tactile Wi-Fi et ports USB \u00e0 bord \u00c9clairage d\u2019ambiance [&hellip;]","og_url":"https:\/\/baccarr.com\/index.php\/nos-taxi\/","og_site_name":"Baccar","article_modified_time":"2025-10-14T09:57:18+00:00","twitter_card":"summary_large_image","twitter_misc":{"Dur\u00e9e de lecture estim\u00e9e":"2 minutes"},"schema":{"@context":"https:\/\/schema.org","@graph":[{"@type":"WebPage","@id":"https:\/\/baccarr.com\/index.php\/nos-taxi\/","url":"https:\/\/baccarr.com\/index.php\/nos-taxi\/","name":"Nos taxi - Baccar","isPartOf":{"@id":"https:\/\/baccarr.com\/#website"},"datePublished":"2025-10-07T15:52:01+00:00","dateModified":"2025-10-14T09:57:18+00:00","breadcrumb":{"@id":"https:\/\/baccarr.com\/index.php\/nos-taxi\/#breadcrumb"},"inLanguage":"fr-FR","potentialAction":[{"@type":"ReadAction","target":["https:\/\/baccarr.com\/index.php\/nos-taxi\/"]}]},{"@type":"BreadcrumbList","@id":"https:\/\/baccarr.com\/index.php\/nos-taxi\/#breadcrumb","itemListElement":[{"@type":"ListItem","position":1,"name":"Home","item":"https:\/\/baccarr.com\/"},{"@type":"ListItem","position":2,"name":"Nos taxi"}]},{"@type":"WebSite","@id":"https:\/\/baccarr.com\/#website","url":"https:\/\/baccarr.com\/","name":"Baccar","description":"","potentialAction":[{"@type":"SearchAction","target":{"@type":"EntryPoint","urlTemplate":"https:\/\/baccarr.com\/?s={search_term_string}"},"query-input":{"@type":"PropertyValueSpecification","valueRequired":true,"valueName":"search_term_string"}}],"inLanguage":"fr-FR"}]}},"_links":{"self":[{"href":"https:\/\/baccarr.com\/index.php\/wp-json\/wp\/v2\/pages\/1627","targetHints":{"allow":["GET"]}}],"collection":[{"href":"https:\/\/baccarr.com\/index.php\/wp-json\/wp\/v2\/pages"}],"about":[{"href":"https:\/\/baccarr.com\/index.php\/wp-json\/wp\/v2\/types\/page"}],"author":[{"embeddable":true,"href":"https:\/\/baccarr.com\/index.php\/wp-json\/wp\/v2\/users\/1"}],"replies":[{"embeddable":true,"href":"https:\/\/baccarr.com\/index.php\/wp-json\/wp\/v2\/comments?post=1627"}],"version-history":[{"count":13,"href":"https:\/\/baccarr.com\/index.php\/wp-json\/wp\/v2\/pages\/1627\/revisions"}],"predecessor-version":[{"id":1925,"href":"https:\/\/baccarr.com\/index.php\/wp-json\/wp\/v2\/pages\/1627\/revisions\/1925"}],"wp:attachment":[{"href":"https:\/\/baccarr.com\/index.php\/wp-json\/wp\/v2\/media?parent=1627"}],"curies":[{"name":"wp","href":"https:\/\/api.w.org\/{rel}","templated":true}]}}